{"id":117,"date":"2022-08-24T12:53:17","date_gmt":"2022-08-24T12:53:17","guid":{"rendered":"https:\/\/www.soka.seinajarvi.fi\/?page_id=117"},"modified":"2022-08-24T16:57:34","modified_gmt":"2022-08-24T16:57:34","slug":"iso-soukkajarven-vesiensuojeluhanke-2010-2012","status":"publish","type":"page","link":"https:\/\/www.soka.seinajarvi.fi\/index.php\/iso-soukkajarven-vesiensuojeluhanke-2010-2012\/","title":{"rendered":"Iso-Soukkaj\u00e4rven vesiensuojeluhanke 2010 &#8211; 2012"},"content":{"rendered":"\n<p>Suomen Mets\u00e4keskuksen ja Etel\u00e4-Pohjanmaan Kalatalouskeskuksen suunnittelema hanke toteutettiin allastusten ja j\u00e4tevesij\u00e4rjestelmien osalta.  Voit tutustua hankesuunnitelmaan liitteineen (tulossa)<\/p>\n\n\n\n<div class=\"wp-block-file\"><a id=\"wp-block-file--media-92813650-921b-4037-980f-b0924443c9f1\" href=\"https:\/\/www.soka.seinajarvi.fi\/wp-content\/uploads\/2022\/08\/Suunnitelma-kokonaan.docx\">Suunnitelma kokonaan<\/a><a href=\"https:\/\/www.soka.seinajarvi.fi\/wp-content\/uploads\/2022\/08\/Suunnitelma-kokonaan.docx\" class=\"wp-block-file__button\" download aria-describedby=\"wp-block-file--media-92813650-921b-4037-980f-b0924443c9f1\">Lataa<\/a><\/div>\n","protected":false},"excerpt":{"rendered":"<p>Suomen Mets\u00e4keskuksen ja Etel\u00e4-Pohjanmaan Kalatalouskeskuksen suunnittelema hanke toteutettiin allastusten ja j\u00e4tevesij\u00e4rjestelmien osalta. Voit tutustua hankesuunnitelmaan liitteineen (tulossa)<\/p>\n","protected":false},"author":1,"featured_media":0,"parent":0,"menu_order":0,"comment_status":"closed","ping_status":"closed","template":"","meta":{"site-sidebar-layout":"default","site-content-layout":"","ast-site-content-layout":"default","site-content-style":"default","site-sidebar-style":"default","ast-global-header-display":"","ast-banner-title-visibility":"","ast-main-header-display":"","ast-hfb-above-header-display":"","ast-hfb-below-header-display":"","ast-hfb-mobile-header-display":"","site-post-title":"","ast-breadcrumbs-content":"","ast-featured-img":"","footer-sml-layout":"","ast-disable-related-posts":"","theme-transparent-header-meta":"","adv-header-id-meta":"","stick-header-meta":"","header-above-stick-meta":"","header-main-stick-meta":"","header-below-stick-meta":"","astra-migrate-meta-layouts":"default","ast-page-background-enabled":"default","ast-page-background-meta":{"desktop":{"background-color":"var(--ast-global-color-4)","background-image":"","background-repeat":"repeat","background-position":"center center","background-size":"auto","background-attachment":"scroll","background-type":"","background-media":"","overlay-type":"","overlay-color":"","overlay-opacity":"","overlay-gradient":""},"tablet":{"background-color":"","background-image":"","background-repeat":"repeat","background-position":"center center","background-size":"auto","background-attachment":"scroll","background-type":"","background-media":"","overlay-type":"","overlay-color":"","overlay-opacity":"","overlay-gradient":""},"mobile":{"background-color":"","background-image":"","background-repeat":"repeat","background-position":"center center","background-size":"auto","background-attachment":"scroll","background-type":"","background-media":"","overlay-type":"","overlay-color":"","overlay-opacity":"","overlay-gradient":""}},"ast-content-background-meta":{"desktop":{"background-color":"var(--ast-global-color-5)","background-image":"","background-repeat":"repeat","background-position":"center center","background-size":"auto","background-attachment":"scroll","background-type":"","background-media":"","overlay-type":"","overlay-color":"","overlay-opacity":"","overlay-gradient":""},"tablet":{"background-color":"var(--ast-global-color-5)","background-image":"","background-repeat":"repeat","background-position":"center center","background-size":"auto","background-attachment":"scroll","background-type":"","background-media":"","overlay-type":"","overlay-color":"","overlay-opacity":"","overlay-gradient":""},"mobile":{"background-color":"var(--ast-global-color-5)","background-image":"","background-repeat":"repeat","background-position":"center center","background-size":"auto","background-attachment":"scroll","background-type":"","background-media":"","overlay-type":"","overlay-color":"","overlay-opacity":"","overlay-gradient":""}},"footnotes":""},"class_list":["post-117","page","type-page","status-publish","hentry"],"_links":{"self":[{"href":"https:\/\/www.soka.seinajarvi.fi\/index.php\/wp-json\/wp\/v2\/pages\/117","targetHints":{"allow":["GET"]}}],"collection":[{"href":"https:\/\/www.soka.seinajarvi.fi\/index.php\/wp-json\/wp\/v2\/pages"}],"about":[{"href":"https:\/\/www.soka.seinajarvi.fi\/index.php\/wp-json\/wp\/v2\/types\/page"}],"author":[{"embeddable":true,"href":"https:\/\/www.soka.seinajarvi.fi\/index.php\/wp-json\/wp\/v2\/users\/1"}],"replies":[{"embeddable":true,"href":"https:\/\/www.soka.seinajarvi.fi\/index.php\/wp-json\/wp\/v2\/comments?post=117"}],"version-history":[{"count":4,"href":"https:\/\/www.soka.seinajarvi.fi\/index.php\/wp-json\/wp\/v2\/pages\/117\/revisions"}],"predecessor-version":[{"id":124,"href":"https:\/\/www.soka.seinajarvi.fi\/index.php\/wp-json\/wp\/v2\/pages\/117\/revisions\/124"}],"wp:attachment":[{"href":"https:\/\/www.soka.seinajarvi.fi\/index.php\/wp-json\/wp\/v2\/media?parent=117"}],"curies":[{"name":"wp","href":"https:\/\/api.w.org\/{rel}","templated":true}]}}