{"id":220,"date":"2026-03-27T13:33:39","date_gmt":"2026-03-27T13:33:39","guid":{"rendered":"https:\/\/www.soka.seinajarvi.fi\/?page_id=220"},"modified":"2026-03-27T13:33:40","modified_gmt":"2026-03-27T13:33:40","slug":"hinnat-ja-pyydysyksikot","status":"publish","type":"page","link":"https:\/\/www.soka.seinajarvi.fi\/index.php\/hinnat-ja-pyydysyksikot\/","title":{"rendered":"Hinnat ja pyydysyksik\u00f6t"},"content":{"rendered":"\n<p><strong>Vuosilupa 15 \u20ac<\/strong>, oikeuttaa verkko-, katiska- ja koukkupyydyksiin \u2013 vastaa 5 pyydysyksikk\u00f6\u00e4 (3\u20ac * 5 py)<\/p>\n\n\n\n<p><strong>Kuukausilupa 9 \u20ac<\/strong>, oikeuttaa katiska- ja koukkupyydyksiin \u2013 vastaa 3 pyydysyksikk\u00f6\u00e4 (3\u20ac * 3 py)<\/p>\n\n\n\n<p><strong>Viikkolupa 6 \u20ac<\/strong>, oikeuttaa katiska- ja koukkupyydyksiin \u2013 vastaa 2 pyydysyksikk\u00f6\u00e4 (3 \u20ac * 2 py)<\/p>\n\n\n\n<p><strong>P\u00e4iv\u00e4lupa 6 \u20ac<\/strong>, oikeuttaa vain koukkupyydyksiin \u2013 vastaa 2 pyydysyksikk\u00f6\u00e4 (3 \u20ac * 2 py)<\/p>\n\n\n\n<p><strong>Vuosilupa Kk-lupa Viikkolupa P\u00e4iv\u00e4lupa<\/strong><\/p>\n\n\n\n<p><strong>Vuosilupa<\/strong> Katiska 1 yksikk\u00f6\u00e4 5 py= 5 <strong>Kk-lupa<\/strong> 3 py = 3 <strong>Viikkolupa<\/strong> 2 py = 2<\/p>\n\n\n\n<p><strong>Vuosilupa<\/strong> Verkko 2 yksikk\u00f6\u00e4 5 py \/ 2 = 4<\/p>\n\n\n\n<p><strong>Vuosilupa<\/strong> Koukku 1 yksikk\u00f6 5 py = 5 <strong>Kk-lupa<\/strong> 3 py = 3 <strong>Viikkolupa<\/strong> 2 py = 2 <strong>P\u00e4iv\u00e4lupua<\/strong> 2 py = 2<\/p>\n\n\n\n<p>Koukkupyydys on kalastusv\u00e4line, joka perustuu sy\u00f6till\u00e4 varustettuun koukkuun tai koukkuihin, kuten pitk\u00e4siima, iskukoukku tai heittouistin.<\/p>\n\n\n\n<p>Vuosikohtaisia pyydysmerkkej\u00e4 ei l\u00e4hetet\u00e4. Pyydykset on merkitt\u00e4v\u00e4 selke\u00e4sti (nimi ja puhelin). Lis\u00e4pyydysyksik\u00f6it\u00e4 voi lunastaa hintaan 3 \u20ac\/yksikk\u00f6, maksu kalastusseuran tilille FI79 5007 3040 0005 78 saaja Soukkaj\u00e4rven alueen kalastusseura<\/p>\n\n\n\n<p>Kalastonhoitomaksu on kalastajan pakollinen perusmaksu, joka tulee maksaa, jos on i\u00e4lt\u00e4\u00e4n <strong>18\u201369-vuotias <\/strong>ja kalastaa vieheell\u00e4 tai pyydyksill\u00e4 tai ravustaa. T\u00e4m\u00e4 tarkoittaa sit\u00e4, ett\u00e4 kun kalastat esimerkiksi virvelill\u00e4, verkoilla tai katiskalla, tarvitset aina kalastonhoitomaksun. Poikkeuksena ovat kalastajat, jotka ehtiv\u00e4t t\u00e4ytt\u00e4\u00e4 v\u00e4hint\u00e4\u00e4n 65 vuotta 31.12.2023 menness\u00e4.<\/p>\n\n\n\n<p><\/p>\n","protected":false},"excerpt":{"rendered":"<p>Vuosilupa 15 \u20ac, oikeuttaa verkko-, katiska- ja koukkupyydyksiin \u2013 vastaa 5 pyydysyksikk\u00f6\u00e4 (3\u20ac * 5 py) Kuukausilupa 9 \u20ac, oikeuttaa katiska- ja koukkupyydyksiin \u2013 vastaa 3 pyydysyksikk\u00f6\u00e4 (3\u20ac * 3 py) Viikkolupa 6 \u20ac, oikeuttaa katiska- ja koukkupyydyksiin \u2013 vastaa 2 pyydysyksikk\u00f6\u00e4 (3 \u20ac * 2 py) P\u00e4iv\u00e4lupa 6 \u20ac, oikeuttaa vain koukkupyydyksiin \u2013 vastaa [&hellip;]<\/p>\n","protected":false},"author":1,"featured_media":0,"parent":0,"menu_order":0,"comment_status":"closed","ping_status":"closed","template":"","meta":{"site-sidebar-layout":"default","site-content-layout":"","ast-site-content-layout":"default","site-content-style":"default","site-sidebar-style":"default","ast-global-header-display":"","ast-banner-title-visibility":"","ast-main-header-display":"","ast-hfb-above-header-display":"","ast-hfb-below-header-display":"","ast-hfb-mobile-header-display":"","site-post-title":"","ast-breadcrumbs-content":"","ast-featured-img":"","footer-sml-layout":"","ast-disable-related-posts":"","theme-transparent-header-meta":"","adv-header-id-meta":"","stick-header-meta":"","header-above-stick-meta":"","header-main-stick-meta":"","header-below-stick-meta":"","astra-migrate-meta-layouts":"set","ast-page-background-enabled":"default","ast-page-background-meta":{"desktop":{"background-color":"var(--ast-global-color-4)","background-image":"","background-repeat":"repeat","background-position":"center center","background-size":"auto","background-attachment":"scroll","background-type":"","background-media":"","overlay-type":"","overlay-color":"","overlay-opacity":"","overlay-gradient":""},"tablet":{"background-color":"","background-image":"","background-repeat":"repeat","background-position":"center center","background-size":"auto","background-attachment":"scroll","background-type":"","background-media":"","overlay-type":"","overlay-color":"","overlay-opacity":"","overlay-gradient":""},"mobile":{"background-color":"","background-image":"","background-repeat":"repeat","background-position":"center center","background-size":"auto","background-attachment":"scroll","background-type":"","background-media":"","overlay-type":"","overlay-color":"","overlay-opacity":"","overlay-gradient":""}},"ast-content-background-meta":{"desktop":{"background-color":"var(--ast-global-color-5)","background-image":"","background-repeat":"repeat","background-position":"center center","background-size":"auto","background-attachment":"scroll","background-type":"","background-media":"","overlay-type":"","overlay-color":"","overlay-opacity":"","overlay-gradient":""},"tablet":{"background-color":"var(--ast-global-color-5)","background-image":"","background-repeat":"repeat","background-position":"center center","background-size":"auto","background-attachment":"scroll","background-type":"","background-media":"","overlay-type":"","overlay-color":"","overlay-opacity":"","overlay-gradient":""},"mobile":{"background-color":"var(--ast-global-color-5)","background-image":"","background-repeat":"repeat","background-position":"center center","background-size":"auto","background-attachment":"scroll","background-type":"","background-media":"","overlay-type":"","overlay-color":"","overlay-opacity":"","overlay-gradient":""}},"footnotes":""},"class_list":["post-220","page","type-page","status-publish","hentry"],"_links":{"self":[{"href":"https:\/\/www.soka.seinajarvi.fi\/index.php\/wp-json\/wp\/v2\/pages\/220","targetHints":{"allow":["GET"]}}],"collection":[{"href":"https:\/\/www.soka.seinajarvi.fi\/index.php\/wp-json\/wp\/v2\/pages"}],"about":[{"href":"https:\/\/www.soka.seinajarvi.fi\/index.php\/wp-json\/wp\/v2\/types\/page"}],"author":[{"embeddable":true,"href":"https:\/\/www.soka.seinajarvi.fi\/index.php\/wp-json\/wp\/v2\/users\/1"}],"replies":[{"embeddable":true,"href":"https:\/\/www.soka.seinajarvi.fi\/index.php\/wp-json\/wp\/v2\/comments?post=220"}],"version-history":[{"count":2,"href":"https:\/\/www.soka.seinajarvi.fi\/index.php\/wp-json\/wp\/v2\/pages\/220\/revisions"}],"predecessor-version":[{"id":222,"href":"https:\/\/www.soka.seinajarvi.fi\/index.php\/wp-json\/wp\/v2\/pages\/220\/revisions\/222"}],"wp:attachment":[{"href":"https:\/\/www.soka.seinajarvi.fi\/index.php\/wp-json\/wp\/v2\/media?parent=220"}],"curies":[{"name":"wp","href":"https:\/\/api.w.org\/{rel}","templated":true}]}}