{"id":57,"date":"2022-02-21T14:51:07","date_gmt":"2022-02-21T14:51:07","guid":{"rendered":"http:\/\/www.soka.seinajarvi.fi\/?page_id=57"},"modified":"2025-03-27T09:30:42","modified_gmt":"2025-03-27T09:30:42","slug":"ota-yhteytta","status":"publish","type":"page","link":"https:\/\/www.soka.seinajarvi.fi\/index.php\/ota-yhteytta\/","title":{"rendered":"Ota yhteytt\u00e4"},"content":{"rendered":"\n<p class=\"has-text-align-center has-small-font-size\">Puheenjohtaja Jouni Majamaa, jmajamaa at gmail.com, 0nelj\u00e40 0767289<\/p>\n\n\n\n<p class=\"has-text-align-center has-small-font-size\">Sihteeri\/rahastonhoitaja Juho Soukkala, juho.soukkala at gmail.com, 0nelj\u00e40 4175480<\/p>\n\n\n\n<p class=\"has-text-align-center\">Hallituksen muut j\u00e4senet Harri Runnakko, P\u00e4ivi Majamaa, Jouko Majamaa, Janne Soukkala<\/p>\n\n\n\n<p><a href=\"https:\/\/forms.office.com\/r\/h6J2ZQm0Rv\" data-type=\"link\" data-id=\"https:\/\/forms.office.com\/r\/h6J2ZQm0Rv\">Yhteydenottolomake<\/a> &#8211; s\u00e4hk\u00f6ist\u00e4 postitusta varten voit ilmoittaa lomakkeella s\u00e4hk\u00f6postiosoitteesi tai muuttuneen postiosoitteen.<\/p>\n\n\n\n<figure class=\"wp-block-image aligncenter size-large is-resized\"><img loading=\"lazy\" decoding=\"async\" width=\"1024\" height=\"592\" src=\"https:\/\/www.soka.seinajarvi.fi\/wp-content\/uploads\/2022\/04\/kalat-1024x592.png\" alt=\"\" class=\"wp-image-99\" style=\"aspect-ratio:1.7297297297297298;width:341px;height:auto\" srcset=\"https:\/\/www.soka.seinajarvi.fi\/wp-content\/uploads\/2022\/04\/kalat-1024x592.png 1024w, https:\/\/www.soka.seinajarvi.fi\/wp-content\/uploads\/2022\/04\/kalat-300x173.png 300w, https:\/\/www.soka.seinajarvi.fi\/wp-content\/uploads\/2022\/04\/kalat-768x444.png 768w, https:\/\/www.soka.seinajarvi.fi\/wp-content\/uploads\/2022\/04\/kalat.png 1280w\" sizes=\"auto, (max-width: 1024px) 100vw, 1024px\" \/><\/figure>\n","protected":false},"excerpt":{"rendered":"<p>Puheenjohtaja Jouni Majamaa, jmajamaa at gmail.com, 0nelj\u00e40 0767289 Sihteeri\/rahastonhoitaja Juho Soukkala, juho.soukkala at gmail.com, 0nelj\u00e40 4175480 Hallituksen muut j\u00e4senet Harri Runnakko, P\u00e4ivi Majamaa, Jouko Majamaa, Janne Soukkala Yhteydenottolomake &#8211; s\u00e4hk\u00f6ist\u00e4 postitusta varten voit ilmoittaa lomakkeella s\u00e4hk\u00f6postiosoitteesi tai muuttuneen postiosoitteen.<\/p>\n","protected":false},"author":1,"featured_media":0,"parent":0,"menu_order":0,"comment_status":"closed","ping_status":"closed","template":"","meta":{"site-sidebar-layout":"default","site-content-layout":"","ast-site-content-layout":"default","site-content-style":"default","site-sidebar-style":"default","ast-global-header-display":"","ast-banner-title-visibility":"","ast-main-header-display":"","ast-hfb-above-header-display":"","ast-hfb-below-header-display":"","ast-hfb-mobile-header-display":"","site-post-title":"","ast-breadcrumbs-content":"","ast-featured-img":"","footer-sml-layout":"","ast-disable-related-posts":"","theme-transparent-header-meta":"","adv-header-id-meta":"","stick-header-meta":"","header-above-stick-meta":"","header-main-stick-meta":"","header-below-stick-meta":"","astra-migrate-meta-layouts":"set","ast-page-background-enabled":"default","ast-page-background-meta":{"desktop":{"background-color":"var(--ast-global-color-4)","background-image":"","background-repeat":"repeat","background-position":"center center","background-size":"auto","background-attachment":"scroll","background-type":"","background-media":"","overlay-type":"","overlay-color":"","overlay-opacity":"","overlay-gradient":""},"tablet":{"background-color":"","background-image":"","background-repeat":"repeat","background-position":"center center","background-size":"auto","background-attachment":"scroll","background-type":"","background-media":"","overlay-type":"","overlay-color":"","overlay-opacity":"","overlay-gradient":""},"mobile":{"background-color":"","background-image":"","background-repeat":"repeat","background-position":"center center","background-size":"auto","background-attachment":"scroll","background-type":"","background-media":"","overlay-type":"","overlay-color":"","overlay-opacity":"","overlay-gradient":""}},"ast-content-background-meta":{"desktop":{"background-color":"var(--ast-global-color-5)","background-image":"","background-repeat":"repeat","background-position":"center center","background-size":"auto","background-attachment":"scroll","background-type":"","background-media":"","overlay-type":"","overlay-color":"","overlay-opacity":"","overlay-gradient":""},"tablet":{"background-color":"var(--ast-global-color-5)","background-image":"","background-repeat":"repeat","background-position":"center center","background-size":"auto","background-attachment":"scroll","background-type":"","background-media":"","overlay-type":"","overlay-color":"","overlay-opacity":"","overlay-gradient":""},"mobile":{"background-color":"var(--ast-global-color-5)","background-image":"","background-repeat":"repeat","background-position":"center center","background-size":"auto","background-attachment":"scroll","background-type":"","background-media":"","overlay-type":"","overlay-color":"","overlay-opacity":"","overlay-gradient":""}},"footnotes":""},"class_list":["post-57","page","type-page","status-publish","hentry"],"_links":{"self":[{"href":"https:\/\/www.soka.seinajarvi.fi\/index.php\/wp-json\/wp\/v2\/pages\/57","targetHints":{"allow":["GET"]}}],"collection":[{"href":"https:\/\/www.soka.seinajarvi.fi\/index.php\/wp-json\/wp\/v2\/pages"}],"about":[{"href":"https:\/\/www.soka.seinajarvi.fi\/index.php\/wp-json\/wp\/v2\/types\/page"}],"author":[{"embeddable":true,"href":"https:\/\/www.soka.seinajarvi.fi\/index.php\/wp-json\/wp\/v2\/users\/1"}],"replies":[{"embeddable":true,"href":"https:\/\/www.soka.seinajarvi.fi\/index.php\/wp-json\/wp\/v2\/comments?post=57"}],"version-history":[{"count":12,"href":"https:\/\/www.soka.seinajarvi.fi\/index.php\/wp-json\/wp\/v2\/pages\/57\/revisions"}],"predecessor-version":[{"id":179,"href":"https:\/\/www.soka.seinajarvi.fi\/index.php\/wp-json\/wp\/v2\/pages\/57\/revisions\/179"}],"wp:attachment":[{"href":"https:\/\/www.soka.seinajarvi.fi\/index.php\/wp-json\/wp\/v2\/media?parent=57"}],"curies":[{"name":"wp","href":"https:\/\/api.w.org\/{rel}","templated":true}]}}